{"id":1050,"date":"2023-09-27T13:49:46","date_gmt":"2023-09-27T11:49:46","guid":{"rendered":"https:\/\/j2d.wearesoyuz.com\/?page_id=1050"},"modified":"2023-12-04T10:56:47","modified_gmt":"2023-12-04T09:56:47","slug":"inscripcion","status":"publish","type":"page","link":"https:\/\/jump2digital.site\/es\/inscripcion\/","title":{"rendered":"Inscripci\u00f3n"},"content":{"rendered":"\t\t<div data-elementor-type=\"wp-page\" data-elementor-id=\"1050\" class=\"elementor elementor-1050\" data-elementor-post-type=\"page\">\n\t\t\t\t\t\t\t<div class=\"elementor-element elementor-element-058b921 e-con-full e-flex e-con e-parent\" data-id=\"058b921\" data-element_type=\"container\" data-settings=\"{&quot;content_width&quot;:&quot;full&quot;}\" data-core-v316-plus=\"true\">\n\t\t<div class=\"elementor-element elementor-element-e6e335c e-con-full e-flex e-con e-child\" data-id=\"e6e335c\" data-element_type=\"container\" data-settings=\"{&quot;content_width&quot;:&quot;full&quot;,&quot;background_background&quot;:&quot;classic&quot;}\" data-e-bg-lazyload=\"\">\n\t\t\t\t<div class=\"elementor-element elementor-element-d2eab50 elementor-widget elementor-widget-qi_addons_for_elementor_animated_text\" data-id=\"d2eab50\" data-element_type=\"widget\" data-widget_type=\"qi_addons_for_elementor_animated_text.default\">\n\t\t\t\t<div class=\"elementor-widget-container\">\n\t\t\t<div class=\"qodef-shortcode qodef-m  qodef-qi-animated-text  qodef--alignment-left qodef-qi--has-appear qodef--appear-from-bottom\" >\n\t\t<h1 class=\"qodef-m-title\">\n\t\tInscripci\u00f3n\t<\/h1>\n<\/div>\n\t\t<\/div>\n\t\t\t\t<\/div>\n\t\t\t\t<\/div>\n\t\t\t\t<\/div>\n\t\t<div class=\"elementor-element elementor-element-379dd73 e-flex e-con-boxed e-con e-parent\" data-id=\"379dd73\" data-element_type=\"container\" data-settings=\"{&quot;content_width&quot;:&quot;boxed&quot;}\" data-core-v316-plus=\"true\">\n\t\t\t\t\t<div class=\"e-con-inner\">\n\t\t<div class=\"elementor-element elementor-element-c880201 e-con-full e-flex e-con e-child\" data-id=\"c880201\" data-element_type=\"container\" data-settings=\"{&quot;content_width&quot;:&quot;full&quot;}\">\n\t\t\t\t<div class=\"elementor-element elementor-element-74d44e0 animated-fast elementor-invisible elementor-widget elementor-widget-text-editor\" data-id=\"74d44e0\" data-element_type=\"widget\" data-settings=\"{&quot;_animation&quot;:&quot;fadeIn&quot;,&quot;_animation_delay&quot;:100}\" data-widget_type=\"text-editor.default\">\n\t\t\t\t<div class=\"elementor-widget-container\">\n\t\t\t<style>\/*! elementor - v3.16.0 - 20-09-2023 *\/\n.elementor-widget-text-editor.elementor-drop-cap-view-stacked .elementor-drop-cap{background-color:#69727d;color:#fff}.elementor-widget-text-editor.elementor-drop-cap-view-framed .elementor-drop-cap{color:#69727d;border:3px solid;background-color:transparent}.elementor-widget-text-editor:not(.elementor-drop-cap-view-default) .elementor-drop-cap{margin-top:8px}.elementor-widget-text-editor:not(.elementor-drop-cap-view-default) .elementor-drop-cap-letter{width:1em;height:1em}.elementor-widget-text-editor .elementor-drop-cap{float:left;text-align:center;line-height:1;font-size:50px}.elementor-widget-text-editor .elementor-drop-cap-letter{display:inline-block}<\/style>\t\t\t\t<p>\u00bfQuieres asistir a la pr\u00f3xima edici\u00f3n? <span class=\"j2d-tit-highlight\">Reg\u00edstrate y te avisaremos al abrir la convocatoria\u00a0<\/span><\/p>\t\t\t\t\t\t<\/div>\n\t\t\t\t<\/div>\n\t\t\t\t<\/div>\n\t\t<div class=\"elementor-element elementor-element-83a2fdb e-con-full j2d-hs-form e-flex e-con e-child\" data-id=\"83a2fdb\" data-element_type=\"container\" data-settings=\"{&quot;content_width&quot;:&quot;full&quot;,&quot;background_background&quot;:&quot;classic&quot;}\">\n\t\t\t\t<div class=\"elementor-element elementor-element-aaeb582 elementor-widget__width-inherit elementor-widget elementor-widget-html\" data-id=\"aaeb582\" data-element_type=\"widget\" data-widget_type=\"html.default\">\n\t\t\t\t<div class=\"elementor-widget-container\">\n\t\t\t<script charset=\"utf-8\" type=\"text\/javascript\" src=\"\/\/js-eu1.hsforms.net\/forms\/embed\/v2.js\"><\/script>\r\n<script>\r\n  hbspt.forms.create({\r\n    region: \"eu1\",\r\n    portalId: \"25499644\",\r\n    formId: \"dbfd70cb-72d5-4c4f-8913-672fe926e6b1\"\r\n  });\r\n<\/script>\r\n\t\t<\/div>\n\t\t\t\t<\/div>\n\t\t\t\t<\/div>\n\t\t\t\t\t<\/div>\n\t\t\t\t<\/div>\n\t\t\t\t\t\t\t<\/div>\n\t\t","protected":false},"excerpt":{"rendered":"<p>Inscripci\u00f3n \u00bfQuieres asistir a la pr\u00f3xima edici\u00f3n? Reg\u00edstrate y te avisaremos al abrir la convocatoria\u00a0<\/p>\n","protected":false},"author":1,"featured_media":0,"parent":0,"menu_order":0,"comment_status":"closed","ping_status":"closed","template":"","meta":{"footnotes":""},"class_list":["post-1050","page","type-page","status-publish","hentry"],"yoast_head":"<!-- This site is optimized with the Yoast SEO plugin v21.5 - https:\/\/yoast.com\/wordpress\/plugins\/seo\/ -->\n<title>Inscripci\u00f3n - Jump2Digital<\/title>\n<meta name=\"robots\" content=\"index, follow, max-snippet:-1, max-image-preview:large, max-video-preview:-1\" \/>\n<link rel=\"canonical\" href=\"https:\/\/jump2digital.site\/inscripcio\/\" \/>\n<meta property=\"og:locale\" content=\"es_ES\" \/>\n<meta property=\"og:type\" content=\"article\" \/>\n<meta property=\"og:title\" content=\"Inscripci\u00f3n - Jump2Digital\" \/>\n<meta property=\"og:description\" content=\"Inscripci\u00f3n \u00bfQuieres asistir a la pr\u00f3xima edici\u00f3n? Reg\u00edstrate y te avisaremos al abrir la convocatoria\u00a0\" \/>\n<meta property=\"og:url\" content=\"https:\/\/jump2digital.site\/inscripcio\/\" \/>\n<meta property=\"og:site_name\" content=\"Jump2Digital\" \/>\n<meta property=\"article:modified_time\" content=\"2023-12-04T09:56:47+00:00\" \/>\n<meta name=\"twitter:card\" content=\"summary_large_image\" \/>\n<meta name=\"twitter:label1\" content=\"Tiempo de lectura\" \/>\n\t<meta name=\"twitter:data1\" content=\"1 minuto\" \/>\n<script type=\"application\/ld+json\" class=\"yoast-schema-graph\">{\"@context\":\"https:\/\/schema.org\",\"@graph\":[{\"@type\":\"WebPage\",\"@id\":\"https:\/\/jump2digital.site\/inscripcio\/\",\"url\":\"https:\/\/jump2digital.site\/inscripcio\/\",\"name\":\"Inscripci\u00f3n - Jump2Digital\",\"isPartOf\":{\"@id\":\"https:\/\/jump2digital.site\/#website\"},\"datePublished\":\"2023-09-27T11:49:46+00:00\",\"dateModified\":\"2023-12-04T09:56:47+00:00\",\"breadcrumb\":{\"@id\":\"https:\/\/jump2digital.site\/inscripcio\/#breadcrumb\"},\"inLanguage\":\"es\",\"potentialAction\":[{\"@type\":\"ReadAction\",\"target\":[\"https:\/\/jump2digital.site\/inscripcio\/\"]}]},{\"@type\":\"BreadcrumbList\",\"@id\":\"https:\/\/jump2digital.site\/inscripcio\/#breadcrumb\",\"itemListElement\":[{\"@type\":\"ListItem\",\"position\":1,\"name\":\"Portada\",\"item\":\"https:\/\/jump2digital.site\/es\/\"},{\"@type\":\"ListItem\",\"position\":2,\"name\":\"Inscripci\u00f3n\"}]},{\"@type\":\"WebSite\",\"@id\":\"https:\/\/jump2digital.site\/#website\",\"url\":\"https:\/\/jump2digital.site\/\",\"name\":\"Jump2Digital\",\"description\":\"\",\"potentialAction\":[{\"@type\":\"SearchAction\",\"target\":{\"@type\":\"EntryPoint\",\"urlTemplate\":\"https:\/\/jump2digital.site\/?s={search_term_string}\"},\"query-input\":\"required name=search_term_string\"}],\"inLanguage\":\"es\"}]}<\/script>\n<!-- \/ Yoast SEO plugin. -->","yoast_head_json":{"title":"Inscripci\u00f3n - Jump2Digital","robots":{"index":"index","follow":"follow","max-snippet":"max-snippet:-1","max-image-preview":"max-image-preview:large","max-video-preview":"max-video-preview:-1"},"canonical":"https:\/\/jump2digital.site\/inscripcio\/","og_locale":"es_ES","og_type":"article","og_title":"Inscripci\u00f3n - Jump2Digital","og_description":"Inscripci\u00f3n \u00bfQuieres asistir a la pr\u00f3xima edici\u00f3n? Reg\u00edstrate y te avisaremos al abrir la convocatoria\u00a0","og_url":"https:\/\/jump2digital.site\/inscripcio\/","og_site_name":"Jump2Digital","article_modified_time":"2023-12-04T09:56:47+00:00","twitter_card":"summary_large_image","twitter_misc":{"Tiempo de lectura":"1 minuto"},"schema":{"@context":"https:\/\/schema.org","@graph":[{"@type":"WebPage","@id":"https:\/\/jump2digital.site\/inscripcio\/","url":"https:\/\/jump2digital.site\/inscripcio\/","name":"Inscripci\u00f3n - Jump2Digital","isPartOf":{"@id":"https:\/\/jump2digital.site\/#website"},"datePublished":"2023-09-27T11:49:46+00:00","dateModified":"2023-12-04T09:56:47+00:00","breadcrumb":{"@id":"https:\/\/jump2digital.site\/inscripcio\/#breadcrumb"},"inLanguage":"es","potentialAction":[{"@type":"ReadAction","target":["https:\/\/jump2digital.site\/inscripcio\/"]}]},{"@type":"BreadcrumbList","@id":"https:\/\/jump2digital.site\/inscripcio\/#breadcrumb","itemListElement":[{"@type":"ListItem","position":1,"name":"Portada","item":"https:\/\/jump2digital.site\/es\/"},{"@type":"ListItem","position":2,"name":"Inscripci\u00f3n"}]},{"@type":"WebSite","@id":"https:\/\/jump2digital.site\/#website","url":"https:\/\/jump2digital.site\/","name":"Jump2Digital","description":"","potentialAction":[{"@type":"SearchAction","target":{"@type":"EntryPoint","urlTemplate":"https:\/\/jump2digital.site\/?s={search_term_string}"},"query-input":"required name=search_term_string"}],"inLanguage":"es"}]}},"_links":{"self":[{"href":"https:\/\/jump2digital.site\/es\/wp-json\/wp\/v2\/pages\/1050","targetHints":{"allow":["GET"]}}],"collection":[{"href":"https:\/\/jump2digital.site\/es\/wp-json\/wp\/v2\/pages"}],"about":[{"href":"https:\/\/jump2digital.site\/es\/wp-json\/wp\/v2\/types\/page"}],"author":[{"embeddable":true,"href":"https:\/\/jump2digital.site\/es\/wp-json\/wp\/v2\/users\/1"}],"replies":[{"embeddable":true,"href":"https:\/\/jump2digital.site\/es\/wp-json\/wp\/v2\/comments?post=1050"}],"version-history":[{"count":115,"href":"https:\/\/jump2digital.site\/es\/wp-json\/wp\/v2\/pages\/1050\/revisions"}],"predecessor-version":[{"id":3334,"href":"https:\/\/jump2digital.site\/es\/wp-json\/wp\/v2\/pages\/1050\/revisions\/3334"}],"wp:attachment":[{"href":"https:\/\/jump2digital.site\/es\/wp-json\/wp\/v2\/media?parent=1050"}],"curies":[{"name":"wp","href":"https:\/\/api.w.org\/{rel}","templated":true}]}}